{"id":435,"date":"2026-03-26T17:02:04","date_gmt":"2026-03-26T16:02:04","guid":{"rendered":"https:\/\/www.ecsmobility.com\/legal-notice\/"},"modified":"2026-03-26T17:37:21","modified_gmt":"2026-03-26T16:37:21","slug":"allgemeine-informationen","status":"publish","type":"page","link":"https:\/\/www.ecsmobility.com\/de\/allgemeine-informationen\/","title":{"rendered":"Rechtlicher hinweis und allgemeine nutzungsbedingungen"},"content":{"rendered":"<h2>I. ALLGEMEINE INFORMATIONEN<\/h2>\n<p>In Erf\u00fcllung der Informationspflicht gem\u00e4\u00df dem Gesetz 34\/2002 vom 11. Juli \u00fcber Dienste der Informationsgesellschaft und den elektronischen Gesch\u00e4ftsverkehr (LSSI-CE) werden nachfolgend die allgemeinen Informationen zu dieser Website bereitgestellt:<\/p>\n<p>Die Inhaberschaft dieser Website, https:\/\/www.ecsmobility.com\/ (nachfolgend die Website), liegt bei ECS MOBILITY SOCIEDAD LIMITADA, S.L., mit der Steuernummer B72435795, mit folgenden Kontaktdaten:<\/p>\n<p>Adresse: Barrio Lebario 10<\/p>\n<p>Tel\u00e9fono de contacto: 946202058<\/p>\n<p>E-Mail: info@ecsmobility.com<\/p>\n<h2>II. ALLGEMEINE NUTZUNGSBEDINGUNGEN<\/h2>\n<h3>Zweck der Bedingungen: Die Website<\/h3>\n<p>Zweck dieser Allgemeinen Nutzungsbedingungen (nachfolgend die Bedingungen) ist die Regelung des Zugangs zu und der Nutzung der Website. F\u00fcr die Zwecke dieser Bedingungen umfasst der Begriff Website das \u00e4u\u00dfere Erscheinungsbild der Bildschirmoberfl\u00e4chen, sowohl in statischer als auch in dynamischer Form, d. h. die Navigationsstruktur, sowie alle in die Bildschirmoberfl\u00e4chen und die Navigationsstruktur integrierten Elemente (nachfolgend die Inhalte) und s\u00e4mtliche Online-Dienste oder Ressourcen, die den Nutzern gegebenenfalls angeboten werden (nachfolgend die Dienste).<\/p>\n<p>https:\/\/www.ecsmobility.com\/ beh\u00e4lt sich das Recht vor, jederzeit und ohne vorherige Ank\u00fcndigung die Darstellung und Konfiguration der Website sowie der darin enthaltenen Inhalte und Dienste zu \u00e4ndern. Der Nutzer erkennt an und akzeptiert, dass https:\/\/www.ecsmobility.com\/ jederzeit einzelne oder s\u00e4mtliche dieser Elemente unterbrechen, deaktivieren und\/oder entfernen oder den Zugang dazu einschr\u00e4nken kann.<\/p>\n<p>Der Zugang zur Website ist grunds\u00e4tzlich kostenlos und erfordert keine Gegenleistung seitens des Nutzers, mit Ausnahme der Kosten f\u00fcr die Internetverbindung \u00fcber den vom Nutzer beauftragten Telekommunikationsanbieter.<\/p>\n<p>Die Nutzung bestimmter Inhalte oder Dienste der Website kann eine vorherige Registrierung oder Anmeldung des Nutzers erfordern.<\/p>\n<h3>Der Nutzer<\/h3>\n<p>Der Zugriff auf, das Browsen und die Nutzung der Website sowie die Nutzung der f\u00fcr die Interaktion zwischen Nutzern und zwischen Nutzern und https:\/\/www.ecsmobility.com\/ vorgesehenen Bereiche (wie Kommentare und\/oder Blogging-Funktionen) verleihen dem Nutzerstatus und bedeuten die uneingeschr\u00e4nkte Akzeptanz dieser Bedingungen ab Beginn der Nutzung der Website, einschlie\u00dflich etwaiger sp\u00e4terer \u00c4nderungen, unbeschadet der Anwendung zwingender gesetzlicher Vorschriften. Aufgrund der Bedeutung dessen wird dem Nutzer empfohlen, diese Bedingungen bei jedem Besuch der Website sorgf\u00e4ltig zu lesen.<\/p>\n<p>Die Website von https:\/\/www.ecsmobility.com\/ stellt eine Vielzahl von Informationen, Diensten und Daten bereit. Der Nutzer verpflichtet sich zu einer ordnungsgem\u00e4\u00dfen Nutzung der Website. Diese Verantwortung erstreckt sich insbesondere auf:<\/p>\n<p>Die Nutzung der von https:\/\/www.ecsmobility.com\/ bereitgestellten Informationen, Inhalte und\/oder Dienste in einer Weise, die nicht gegen diese Bedingungen, geltendes Recht, die guten Sitten oder die \u00f6ffentliche Ordnung verst\u00f6\u00dft und keine Rechte Dritter verletzt oder den ordnungsgem\u00e4\u00dfen Betrieb der Website beeintr\u00e4chtigt.<br \/>\nDie Richtigkeit und Rechtm\u00e4\u00dfigkeit der vom Nutzer in den von https:\/\/www.ecsmobility.com\/ bereitgestellten Formularen angegebenen Daten f\u00fcr den Zugang zu bestimmten Inhalten oder Diensten. Der Nutzer verpflichtet sich, https:\/\/www.ecsmobility.com\/ unverz\u00fcglich \u00fcber jeden Umstand zu informieren, der eine missbr\u00e4uchliche Nutzung der registrierten Daten erm\u00f6glicht, wie insbesondere Diebstahl, Verlust oder unbefugten Zugriff auf Kennungen und\/oder Passw\u00f6rter, damit diese umgehend gesperrt werden k\u00f6nnen.<br \/>\nhttps:\/\/www.ecsmobility.com\/ beh\u00e4lt sich das Recht vor, s\u00e4mtliche Kommentare und Beitr\u00e4ge zu entfernen, die gegen das Gesetz, die Menschenw\u00fcrde, Diskriminierungsverbote versto\u00dfen oder rassistisch, fremdenfeindlich, pornografisch sind, Spam darstellen, die Jugend oder Kinder gef\u00e4hrden, die \u00f6ffentliche Ordnung oder Sicherheit beeintr\u00e4chtigen oder nach eigenem Ermessen nicht f\u00fcr eine Ver\u00f6ffentlichung geeignet sind.<\/p>\n<p>https:\/\/www.ecsmobility.com\/ \u00fcbernimmt keine Verantwortung f\u00fcr die von Nutzern \u00fcber Kommentare oder andere Beteiligungs- und Blogging-Tools ge\u00e4u\u00dferten Meinungen.<\/p>\n<p>Der blo\u00dfe Zugriff auf diese Website begr\u00fcndet keinerlei Gesch\u00e4ftsbeziehung zwischen https:\/\/www.ecsmobility.com\/ und dem Nutzer.<\/p>\n<p>Der Nutzer erkl\u00e4rt, vollj\u00e4hrig zu sein und \u00fcber die erforderliche Rechtsf\u00e4higkeit zu verf\u00fcgen, um durch diese Bedingungen gebunden zu sein. Diese Website richtet sich daher nicht an Minderj\u00e4hrige. https:\/\/www.ecsmobility.com\/ \u00fcbernimmt keine Haftung f\u00fcr die Nichteinhaltung dieser Voraussetzung.<\/p>\n<p>Die Website richtet sich haupts\u00e4chlich an Nutzer mit Wohnsitz in Spanien. https:\/\/www.ecsmobility.com\/ \u00fcbernimmt keine Gew\u00e4hr daf\u00fcr, dass die Website den gesetzlichen Bestimmungen anderer L\u00e4nder vollst\u00e4ndig oder teilweise entspricht. Nutzer, die au\u00dferhalb Spaniens wohnen oder ans\u00e4ssig sind und dennoch auf die Website zugreifen, tun dies auf eigene Verantwortung und haben sicherzustellen, dass ihr Zugriff den jeweils anwendbaren lokalen Gesetzen entspricht. https:\/\/www.ecsmobility.com\/ \u00fcbernimmt hierf\u00fcr keinerlei Haftung.<\/p>\n<h2>III. ZUGANG UND NAVIGATION AUF DER WEBSITE: HAFTUNGSAUSSCHLUSS<\/h2>\n<p>https:\/\/www.ecsmobility.com\/ \u00fcbernimmt keine Gew\u00e4hr f\u00fcr die st\u00e4ndige Verf\u00fcgbarkeit, Kontinuit\u00e4t oder N\u00fctzlichkeit der Website sowie der Inhalte oder Dienste. Es wird jedoch alles Zumutbare unternommen, um einen ordnungsgem\u00e4\u00dfen Betrieb sicherzustellen, ohne eine unterbrechungs- oder fehlerfreie Nutzung garantieren zu k\u00f6nnen<\/p>\n<p>Ebenso wird keine Gew\u00e4hr daf\u00fcr \u00fcbernommen, dass die \u00fcber diese Website zug\u00e4nglichen Inhalte oder Software fehlerfrei sind oder Sch\u00e4den an den IT-Systemen (Software oder Hardware) des Nutzers verursachen. https:\/\/www.ecsmobility.com\/ haftet unter keinen Umst\u00e4nden f\u00fcr Verluste, Sch\u00e4den oder Beeintr\u00e4chtigungen jeglicher Art, die sich aus dem Zugriff auf, der Navigation oder der Nutzung der Website ergeben, einschlie\u00dflich Sch\u00e4den an Computersystemen oder durch Viren verursachter Sch\u00e4den.<\/p>\n<p>https:\/\/www.ecsmobility.com\/ haftet ebenfalls nicht f\u00fcr Sch\u00e4den, die Nutzern durch unsachgem\u00e4\u00dfe Nutzung der Website entstehen, insbesondere nicht f\u00fcr Ausf\u00e4lle, Unterbrechungen oder M\u00e4ngel der Telekommunikationsdienste.<\/p>\n<h2>IV. LINK-POLITIK<\/h2>\n<p>Die Website von https:\/\/www.ecsmobility.com\/ kann Links, Banner, Schaltfl\u00e4chen, Verzeichnisse oder Suchmaschinen enthalten, die den Zugang zu Websites Dritter erm\u00f6glichen.<\/p>\n<p>Diese Verlinkungen dienen ausschlie\u00dflich der Erleichterung des Zugangs zu im Internet verf\u00fcgbaren Informationen und stellen keine Empfehlung oder Einladung zum Besuch dieser Websites dar.<\/p>\n<p>https:\/\/www.ecsmobility.com\/ bietet weder direkt noch indirekt Produkte oder Dienstleistungen an, die auf verlinkten Websites verf\u00fcgbar sind, und \u00fcbernimmt keine Garantie f\u00fcr deren technische Verf\u00fcgbarkeit, Richtigkeit, Rechtm\u00e4\u00dfigkeit oder Aktualit\u00e4t.<\/p>\n<p>https:\/\/www.ecsmobility.com\/ \u00fcberpr\u00fcft oder kontrolliert die Inhalte externer Websites nicht und macht sich deren Inhalte, Produkte oder Dienstleistungen nicht zu eigen.<\/p>\n<p>Es wird keinerlei Haftung f\u00fcr Sch\u00e4den \u00fcbernommen, die sich aus dem Zugriff auf oder der Nutzung von Inhalten, Produkten oder Dienstleistungen externer, nicht von https:\/\/www.ecsmobility.com\/ betriebener Websites ergeben.<\/p>\n<p>https:\/\/www.ecsmobility.com\/ \u00fcbernimmt keine Haftung f\u00fcr Sch\u00e4den, die sich aus dem Zugang, der Nutzung, der Qualit\u00e4t oder der Rechtm\u00e4\u00dfigkeit der Inhalte, Mitteilungen, Meinungen, Produkte und Dienstleistungen von Websites ergeben, die nicht von https:\/\/www.ecsmobility.com\/ verwaltet werden und die mit dieser Website verlinkt sind.<\/p>\n<p>Der Nutzer oder Dritte, die einen Hyperlink von einer anderen Website auf die Website von https:\/\/www.ecsmobility.com\/ setzen, m\u00fcssen beachten:<\/p>\n<p>Eine vollst\u00e4ndige oder teilweise Vervielf\u00e4ltigung der Inhalte oder Dienste der Website ist ohne ausdr\u00fcckliche Genehmigung von https:\/\/www.ecsmobility.com\/ nicht gestattet.<\/p>\n<p>Es d\u00fcrfen keine falschen, irref\u00fchrenden oder unzutreffenden Angaben \u00fcber die Website oder deren Inhalte und Dienste gemacht werden.<\/p>\n<p>Abgesehen vom Hyperlink darf die verlinkende Website keine durch spanisches Recht gesch\u00fctzten Inhalte dieser Website enthalten, sofern keine ausdr\u00fcckliche Genehmigung vorliegt.<\/p>\n<p>Die Einrichtung eines Hyperlinks begr\u00fcndet keine rechtliche Beziehung zwischen https:\/\/www.ecsmobility.com\/ und dem Betreiber der verlinkenden Website und impliziert weder Kenntnis noch Zustimmung zu deren Inhalten oder T\u00e4tigkeiten.<\/p>\n<h2>V. GEISTIGES UND GEWERBLICHES EIGENTUM<\/h2>\n<p>https:\/\/www.ecsmobility.com\/ ist selbst oder als Rechtsnachfolger Inhaber s\u00e4mtlicher Rechte an geistigem und gewerblichem Eigentum an der Website sowie an den darin enthaltenen Elementen (einschlie\u00dflich, aber nicht beschr\u00e4nkt auf Texte, Bilder, Audio- und Videodateien, Software, Marken, Logos, Farbgestaltungen, Struktur und Design). Diese Inhalte sind als Werke des geistigen Eigentums nach spanischem Recht gesch\u00fctzt; es gelten die einschl\u00e4gigen spanischen und europ\u00e4ischen Rechtsvorschriften sowie die von Spanien unterzeichneten internationalen \u00dcbereinkommen.<\/p>\n<p>Alle Rechte vorbehalten. Ohne ausdr\u00fcckliche Genehmigung von https:\/\/www.ecsmobility.com\/ sind die Vervielf\u00e4ltigung, Verbreitung und \u00f6ffentliche Zug\u00e4nglichmachung der Inhalte der Website zu kommerziellen Zwecken untersagt.<\/p>\n<p>Der Nutzer verpflichtet sich, die Rechte an geistigem und gewerblichem Eigentum von https:\/\/www.ecsmobility.com\/ zu respektieren. Inhalte d\u00fcrfen ausschlie\u00dflich zu privaten Zwecken angesehen, gespeichert oder ausgedruckt werden. Schutz- oder Sicherheitseinrichtungen der Website d\u00fcrfen nicht entfernt oder manipuliert werden.<\/p>\n<p>Sollte ein Nutzer oder Dritter der Ansicht sein, dass Inhalte dieser Website Rechte des geistigen Eigentums verletzen, ist https:\/\/www.ecsmobility.com\/ unverz\u00fcglich \u00fcber die im Abschnitt ALLGEMEINE INFORMATIONEN genannten Kontaktdaten zu informieren.<\/p>\n<h2>VI. RECHTSMASSNAHMEN, ANWENDBARES RECHT UND GERICHTSSTAND<\/h2>\n<p>https:\/\/www.ecsmobility.com\/ beh\u00e4lt sich das Recht vor, alle zivil- oder strafrechtlichen Schritte einzuleiten, die aufgrund einer missbr\u00e4uchlichen Nutzung der Website oder eines Versto\u00dfes gegen diese Bedingungen erforderlich erscheinen.<\/p>\n<p>Das Verh\u00e4ltnis zwischen dem Nutzer und https:\/\/www.ecsmobility.com\/ unterliegt dem geltenden spanischen Recht. F\u00fcr Streitigkeiten im Zusammenhang mit der Auslegung oder Anwendung dieser Bedingungen sind die zust\u00e4ndigen Gerichte nach geltendem Recht zust\u00e4ndig.<\/p>\n<p>Dieses Dokument des rechtlichen Hinweises und der allgemeinen Nutzungsbedingungen wurde am 15.04.2025 erstellt.<\/p>\n","protected":false},"excerpt":{"rendered":"<p>I. ALLGEMEINE INFORMATIONEN In Erf\u00fcllung der Informationspflicht gem\u00e4\u00df dem Gesetz 34\/2002 vom 11. Juli \u00fcber Dienste der Informationsgesellschaft und den elektronischen Gesch\u00e4ftsverkehr (LSSI-CE) werden nachfolgend die allgemeinen Informationen zu dieser Website bereitgestellt: Die Inhaberschaft dieser Website, https:\/\/www.ecsmobility.com\/ (nachfolgend die Website), liegt bei ECS MOBILITY SOCIEDAD LIMITADA, S.L., mit der Steuernummer B72435795, mit folgenden Kontaktdaten: Adresse: [&hellip;]<\/p>\n","protected":false},"author":1,"featured_media":0,"parent":0,"menu_order":0,"comment_status":"closed","ping_status":"closed","template":"","meta":{"_acf_changed":false,"footnotes":""},"class_list":["post-435","page","type-page","status-publish","hentry"],"acf":[],"yoast_head":"<!-- This site is optimized with the Yoast SEO plugin v27.3 - https:\/\/yoast.com\/product\/yoast-seo-wordpress\/ -->\n<title>Rechtlicher hinweis und allgemeine nutzungsbedingungen - ECS Mobility<\/title>\n<meta name=\"robots\" content=\"index, follow, max-snippet:-1, max-image-preview:large, max-video-preview:-1\" \/>\n<link rel=\"canonical\" href=\"https:\/\/www.ecsmobility.com\/de\/allgemeine-informationen\/\" \/>\n<meta property=\"og:locale\" content=\"de_DE\" \/>\n<meta property=\"og:type\" content=\"article\" \/>\n<meta property=\"og:title\" content=\"Rechtlicher hinweis und allgemeine nutzungsbedingungen - ECS Mobility\" \/>\n<meta property=\"og:description\" content=\"I. ALLGEMEINE INFORMATIONEN In Erf\u00fcllung der Informationspflicht gem\u00e4\u00df dem Gesetz 34\/2002 vom 11. Juli \u00fcber Dienste der Informationsgesellschaft und den elektronischen Gesch\u00e4ftsverkehr (LSSI-CE) werden nachfolgend die allgemeinen Informationen zu dieser Website bereitgestellt: Die Inhaberschaft dieser Website, https:\/\/www.ecsmobility.com\/ (nachfolgend die Website), liegt bei ECS MOBILITY SOCIEDAD LIMITADA, S.L., mit der Steuernummer B72435795, mit folgenden Kontaktdaten: Adresse: [&hellip;]\" \/>\n<meta property=\"og:url\" content=\"https:\/\/www.ecsmobility.com\/de\/allgemeine-informationen\/\" \/>\n<meta property=\"og:site_name\" content=\"ECS Mobility\" \/>\n<meta property=\"article:modified_time\" content=\"2026-03-26T16:37:21+00:00\" \/>\n<meta name=\"twitter:card\" content=\"summary_large_image\" \/>\n<meta name=\"twitter:label1\" content=\"Gesch\u00e4tzte Lesezeit\" \/>\n\t<meta name=\"twitter:data1\" content=\"6\u00a0Minuten\" \/>\n<script type=\"application\/ld+json\" class=\"yoast-schema-graph\">{\"@context\":\"https:\\\/\\\/schema.org\",\"@graph\":[{\"@type\":\"WebPage\",\"@id\":\"https:\\\/\\\/www.ecsmobility.com\\\/de\\\/allgemeine-informationen\\\/\",\"url\":\"https:\\\/\\\/www.ecsmobility.com\\\/de\\\/allgemeine-informationen\\\/\",\"name\":\"Rechtlicher hinweis und allgemeine nutzungsbedingungen - ECS Mobility\",\"isPartOf\":{\"@id\":\"https:\\\/\\\/www.ecsmobility.com\\\/de\\\/#website\"},\"datePublished\":\"2026-03-26T16:02:04+00:00\",\"dateModified\":\"2026-03-26T16:37:21+00:00\",\"breadcrumb\":{\"@id\":\"https:\\\/\\\/www.ecsmobility.com\\\/de\\\/allgemeine-informationen\\\/#breadcrumb\"},\"inLanguage\":\"de\",\"potentialAction\":[{\"@type\":\"ReadAction\",\"target\":[\"https:\\\/\\\/www.ecsmobility.com\\\/de\\\/allgemeine-informationen\\\/\"]}]},{\"@type\":\"BreadcrumbList\",\"@id\":\"https:\\\/\\\/www.ecsmobility.com\\\/de\\\/allgemeine-informationen\\\/#breadcrumb\",\"itemListElement\":[{\"@type\":\"ListItem\",\"position\":1,\"name\":\"Portada\",\"item\":\"https:\\\/\\\/www.ecsmobility.com\\\/de\\\/\"},{\"@type\":\"ListItem\",\"position\":2,\"name\":\"Rechtlicher hinweis und allgemeine nutzungsbedingungen\"}]},{\"@type\":\"WebSite\",\"@id\":\"https:\\\/\\\/www.ecsmobility.com\\\/de\\\/#website\",\"url\":\"https:\\\/\\\/www.ecsmobility.com\\\/de\\\/\",\"name\":\"ECS Mobility\",\"description\":\"\",\"potentialAction\":[{\"@type\":\"SearchAction\",\"target\":{\"@type\":\"EntryPoint\",\"urlTemplate\":\"https:\\\/\\\/www.ecsmobility.com\\\/de\\\/?s={search_term_string}\"},\"query-input\":{\"@type\":\"PropertyValueSpecification\",\"valueRequired\":true,\"valueName\":\"search_term_string\"}}],\"inLanguage\":\"de\"}]}<\/script>\n<!-- \/ Yoast SEO plugin. -->","yoast_head_json":{"title":"Rechtlicher hinweis und allgemeine nutzungsbedingungen - ECS Mobility","robots":{"index":"index","follow":"follow","max-snippet":"max-snippet:-1","max-image-preview":"max-image-preview:large","max-video-preview":"max-video-preview:-1"},"canonical":"https:\/\/www.ecsmobility.com\/de\/allgemeine-informationen\/","og_locale":"de_DE","og_type":"article","og_title":"Rechtlicher hinweis und allgemeine nutzungsbedingungen - ECS Mobility","og_description":"I. ALLGEMEINE INFORMATIONEN In Erf\u00fcllung der Informationspflicht gem\u00e4\u00df dem Gesetz 34\/2002 vom 11. Juli \u00fcber Dienste der Informationsgesellschaft und den elektronischen Gesch\u00e4ftsverkehr (LSSI-CE) werden nachfolgend die allgemeinen Informationen zu dieser Website bereitgestellt: Die Inhaberschaft dieser Website, https:\/\/www.ecsmobility.com\/ (nachfolgend die Website), liegt bei ECS MOBILITY SOCIEDAD LIMITADA, S.L., mit der Steuernummer B72435795, mit folgenden Kontaktdaten: Adresse: [&hellip;]","og_url":"https:\/\/www.ecsmobility.com\/de\/allgemeine-informationen\/","og_site_name":"ECS Mobility","article_modified_time":"2026-03-26T16:37:21+00:00","twitter_card":"summary_large_image","twitter_misc":{"Gesch\u00e4tzte Lesezeit":"6\u00a0Minuten"},"schema":{"@context":"https:\/\/schema.org","@graph":[{"@type":"WebPage","@id":"https:\/\/www.ecsmobility.com\/de\/allgemeine-informationen\/","url":"https:\/\/www.ecsmobility.com\/de\/allgemeine-informationen\/","name":"Rechtlicher hinweis und allgemeine nutzungsbedingungen - ECS Mobility","isPartOf":{"@id":"https:\/\/www.ecsmobility.com\/de\/#website"},"datePublished":"2026-03-26T16:02:04+00:00","dateModified":"2026-03-26T16:37:21+00:00","breadcrumb":{"@id":"https:\/\/www.ecsmobility.com\/de\/allgemeine-informationen\/#breadcrumb"},"inLanguage":"de","potentialAction":[{"@type":"ReadAction","target":["https:\/\/www.ecsmobility.com\/de\/allgemeine-informationen\/"]}]},{"@type":"BreadcrumbList","@id":"https:\/\/www.ecsmobility.com\/de\/allgemeine-informationen\/#breadcrumb","itemListElement":[{"@type":"ListItem","position":1,"name":"Portada","item":"https:\/\/www.ecsmobility.com\/de\/"},{"@type":"ListItem","position":2,"name":"Rechtlicher hinweis und allgemeine nutzungsbedingungen"}]},{"@type":"WebSite","@id":"https:\/\/www.ecsmobility.com\/de\/#website","url":"https:\/\/www.ecsmobility.com\/de\/","name":"ECS Mobility","description":"","potentialAction":[{"@type":"SearchAction","target":{"@type":"EntryPoint","urlTemplate":"https:\/\/www.ecsmobility.com\/de\/?s={search_term_string}"},"query-input":{"@type":"PropertyValueSpecification","valueRequired":true,"valueName":"search_term_string"}}],"inLanguage":"de"}]}},"_links":{"self":[{"href":"https:\/\/www.ecsmobility.com\/de\/wp-json\/wp\/v2\/pages\/435","targetHints":{"allow":["GET"]}}],"collection":[{"href":"https:\/\/www.ecsmobility.com\/de\/wp-json\/wp\/v2\/pages"}],"about":[{"href":"https:\/\/www.ecsmobility.com\/de\/wp-json\/wp\/v2\/types\/page"}],"author":[{"embeddable":true,"href":"https:\/\/www.ecsmobility.com\/de\/wp-json\/wp\/v2\/users\/1"}],"replies":[{"embeddable":true,"href":"https:\/\/www.ecsmobility.com\/de\/wp-json\/wp\/v2\/comments?post=435"}],"version-history":[{"count":3,"href":"https:\/\/www.ecsmobility.com\/de\/wp-json\/wp\/v2\/pages\/435\/revisions"}],"predecessor-version":[{"id":458,"href":"https:\/\/www.ecsmobility.com\/de\/wp-json\/wp\/v2\/pages\/435\/revisions\/458"}],"wp:attachment":[{"href":"https:\/\/www.ecsmobility.com\/de\/wp-json\/wp\/v2\/media?parent=435"}],"curies":[{"name":"wp","href":"https:\/\/api.w.org\/{rel}","templated":true}]}}