{"id":444,"date":"2026-03-26T17:22:06","date_gmt":"2026-03-26T16:22:06","guid":{"rendered":"https:\/\/www.ecsmobility.com\/privacy-policy\/"},"modified":"2026-03-26T17:30:04","modified_gmt":"2026-03-26T16:30:04","slug":"datenschutzrichtlinie","status":"publish","type":"page","link":"https:\/\/www.ecsmobility.com\/de\/datenschutzrichtlinie\/","title":{"rendered":"Datenschutzrichtlinie von ECS Mobility"},"content":{"rendered":"<p>Bei <strong>ECS Mobility<\/strong> (https:\/\/www.ecsmobility.com\/) respektieren wir Ihre Privatsph\u00e4re und sch\u00fctzen Ihre personenbezogenen Daten gem\u00e4\u00df der geltenden Gesetzgebung, einschlie\u00dflich der Europ\u00e4ischen Datenschutz-Grundverordnung (DSGVO) und dem spanischen Datenschutzgesetz (LOPD-GDD).<\/p>\n<p><strong>Welche Daten erfassen wir und wof\u00fcr?<\/strong><br \/>\nWir erfassen nur notwendige Identifikationsdaten, um Anfragen zu bearbeiten, Ihre Anliegen zu erf\u00fcllen und die Beziehung zu Ihnen zu pflegen. Ihre Daten werden verwendet, um unsere Verpflichtungen zu erf\u00fcllen, unseren Service zu verbessern und personalisierte Inhalte anzubieten.<\/p>\n<p><strong>Ihre Zustimmung ist entscheidend<\/strong><br \/>\nWir verarbeiten Ihre Daten nur mit Ihrer ausdr\u00fccklichen Zustimmung, die Sie jederzeit widerrufen k\u00f6nnen, ohne dass dies Ihre Nutzung der Webseite beeintr\u00e4chtigt.<\/p>\n<p><strong>Sicherheit und Vertraulichkeit<\/strong><br \/>\nWir ergreifen technische und organisatorische Ma\u00dfnahmen zum Schutz Ihrer Daten, einschlie\u00dflich der Verwendung von SSL-Zertifikaten, um eine sichere \u00dcbertragung Ihrer Daten zu gew\u00e4hrleisten. Obwohl das Internet niemals 100 % sicher ist, verpflichten wir uns, Sie unverz\u00fcglich zu informieren, falls ein Risiko festgestellt wird.<\/p>\n<p><strong>Ihre Rechte<\/strong><br \/>\nSie haben das Recht auf Zugang, Berichtigung, L\u00f6schung Ihrer Daten, Einschr\u00e4nkung der Verarbeitung, Widerspruch gegen die Verarbeitung, Daten\u00fcbertragbarkeit und d\u00fcrfen nicht einer ausschlie\u00dflich automatisierten Entscheidung unterworfen werden. Um diese Rechte auszu\u00fcben, kontaktieren Sie uns bitte unter:<\/p>\n<p>Adresse: Barrio Lebario 10, Abadi\u00f1o<\/p>\n<p>E-Mail: info@ecsmobility.com<\/p>\n<p><strong>Minderj\u00e4hrige<\/strong><br \/>\nWir verarbeiten nur Daten von Personen \u00fcber 14 Jahren oder mit Zustimmung der Eltern bzw. Erziehungsberechtigten bei Minderj\u00e4hrigen.<\/p>\n<p><strong>Links zu Drittseiten<\/strong><br \/>\nUnsere Webseite kann Links zu Webseiten Dritter enthalten, f\u00fcr deren Datenschutzpraktiken wir nicht verantwortlich sind.<\/p>\n","protected":false},"excerpt":{"rendered":"<p>Bei ECS Mobility (https:\/\/www.ecsmobility.com\/) respektieren wir Ihre Privatsph\u00e4re und sch\u00fctzen Ihre personenbezogenen Daten gem\u00e4\u00df der geltenden Gesetzgebung, einschlie\u00dflich der Europ\u00e4ischen Datenschutz-Grundverordnung (DSGVO) und dem spanischen Datenschutzgesetz (LOPD-GDD). Welche Daten erfassen wir und wof\u00fcr? Wir erfassen nur notwendige Identifikationsdaten, um Anfragen zu bearbeiten, Ihre Anliegen zu erf\u00fcllen und die Beziehung zu Ihnen zu pflegen. Ihre Daten [&hellip;]<\/p>\n","protected":false},"author":1,"featured_media":0,"parent":0,"menu_order":0,"comment_status":"closed","ping_status":"closed","template":"","meta":{"_acf_changed":false,"footnotes":""},"class_list":["post-444","page","type-page","status-publish","hentry"],"acf":[],"yoast_head":"<!-- This site is optimized with the Yoast SEO plugin v27.3 - https:\/\/yoast.com\/product\/yoast-seo-wordpress\/ -->\n<title>Datenschutzrichtlinie von ECS Mobility - ECS Mobility<\/title>\n<meta name=\"robots\" content=\"index, follow, max-snippet:-1, max-image-preview:large, max-video-preview:-1\" \/>\n<link rel=\"canonical\" href=\"https:\/\/www.ecsmobility.com\/de\/datenschutzrichtlinie\/\" \/>\n<meta property=\"og:locale\" content=\"de_DE\" \/>\n<meta property=\"og:type\" content=\"article\" \/>\n<meta property=\"og:title\" content=\"Datenschutzrichtlinie von ECS Mobility - ECS Mobility\" \/>\n<meta property=\"og:description\" content=\"Bei ECS Mobility (https:\/\/www.ecsmobility.com\/) respektieren wir Ihre Privatsph\u00e4re und sch\u00fctzen Ihre personenbezogenen Daten gem\u00e4\u00df der geltenden Gesetzgebung, einschlie\u00dflich der Europ\u00e4ischen Datenschutz-Grundverordnung (DSGVO) und dem spanischen Datenschutzgesetz (LOPD-GDD). Welche Daten erfassen wir und wof\u00fcr? Wir erfassen nur notwendige Identifikationsdaten, um Anfragen zu bearbeiten, Ihre Anliegen zu erf\u00fcllen und die Beziehung zu Ihnen zu pflegen. Ihre Daten [&hellip;]\" \/>\n<meta property=\"og:url\" content=\"https:\/\/www.ecsmobility.com\/de\/datenschutzrichtlinie\/\" \/>\n<meta property=\"og:site_name\" content=\"ECS Mobility\" \/>\n<meta property=\"article:modified_time\" content=\"2026-03-26T16:30:04+00:00\" \/>\n<meta name=\"twitter:card\" content=\"summary_large_image\" \/>\n<meta name=\"twitter:label1\" content=\"Gesch\u00e4tzte Lesezeit\" \/>\n\t<meta name=\"twitter:data1\" content=\"2\u00a0Minuten\" \/>\n<script type=\"application\/ld+json\" class=\"yoast-schema-graph\">{\"@context\":\"https:\\\/\\\/schema.org\",\"@graph\":[{\"@type\":\"WebPage\",\"@id\":\"https:\\\/\\\/www.ecsmobility.com\\\/de\\\/datenschutzrichtlinie\\\/\",\"url\":\"https:\\\/\\\/www.ecsmobility.com\\\/de\\\/datenschutzrichtlinie\\\/\",\"name\":\"Datenschutzrichtlinie von ECS Mobility - ECS Mobility\",\"isPartOf\":{\"@id\":\"https:\\\/\\\/www.ecsmobility.com\\\/de\\\/#website\"},\"datePublished\":\"2026-03-26T16:22:06+00:00\",\"dateModified\":\"2026-03-26T16:30:04+00:00\",\"breadcrumb\":{\"@id\":\"https:\\\/\\\/www.ecsmobility.com\\\/de\\\/datenschutzrichtlinie\\\/#breadcrumb\"},\"inLanguage\":\"de\",\"potentialAction\":[{\"@type\":\"ReadAction\",\"target\":[\"https:\\\/\\\/www.ecsmobility.com\\\/de\\\/datenschutzrichtlinie\\\/\"]}]},{\"@type\":\"BreadcrumbList\",\"@id\":\"https:\\\/\\\/www.ecsmobility.com\\\/de\\\/datenschutzrichtlinie\\\/#breadcrumb\",\"itemListElement\":[{\"@type\":\"ListItem\",\"position\":1,\"name\":\"Portada\",\"item\":\"https:\\\/\\\/www.ecsmobility.com\\\/de\\\/\"},{\"@type\":\"ListItem\",\"position\":2,\"name\":\"Datenschutzrichtlinie von ECS Mobility\"}]},{\"@type\":\"WebSite\",\"@id\":\"https:\\\/\\\/www.ecsmobility.com\\\/de\\\/#website\",\"url\":\"https:\\\/\\\/www.ecsmobility.com\\\/de\\\/\",\"name\":\"ECS Mobility\",\"description\":\"\",\"potentialAction\":[{\"@type\":\"SearchAction\",\"target\":{\"@type\":\"EntryPoint\",\"urlTemplate\":\"https:\\\/\\\/www.ecsmobility.com\\\/de\\\/?s={search_term_string}\"},\"query-input\":{\"@type\":\"PropertyValueSpecification\",\"valueRequired\":true,\"valueName\":\"search_term_string\"}}],\"inLanguage\":\"de\"}]}<\/script>\n<!-- \/ Yoast SEO plugin. -->","yoast_head_json":{"title":"Datenschutzrichtlinie von ECS Mobility - ECS Mobility","robots":{"index":"index","follow":"follow","max-snippet":"max-snippet:-1","max-image-preview":"max-image-preview:large","max-video-preview":"max-video-preview:-1"},"canonical":"https:\/\/www.ecsmobility.com\/de\/datenschutzrichtlinie\/","og_locale":"de_DE","og_type":"article","og_title":"Datenschutzrichtlinie von ECS Mobility - ECS Mobility","og_description":"Bei ECS Mobility (https:\/\/www.ecsmobility.com\/) respektieren wir Ihre Privatsph\u00e4re und sch\u00fctzen Ihre personenbezogenen Daten gem\u00e4\u00df der geltenden Gesetzgebung, einschlie\u00dflich der Europ\u00e4ischen Datenschutz-Grundverordnung (DSGVO) und dem spanischen Datenschutzgesetz (LOPD-GDD). Welche Daten erfassen wir und wof\u00fcr? Wir erfassen nur notwendige Identifikationsdaten, um Anfragen zu bearbeiten, Ihre Anliegen zu erf\u00fcllen und die Beziehung zu Ihnen zu pflegen. Ihre Daten [&hellip;]","og_url":"https:\/\/www.ecsmobility.com\/de\/datenschutzrichtlinie\/","og_site_name":"ECS Mobility","article_modified_time":"2026-03-26T16:30:04+00:00","twitter_card":"summary_large_image","twitter_misc":{"Gesch\u00e4tzte Lesezeit":"2\u00a0Minuten"},"schema":{"@context":"https:\/\/schema.org","@graph":[{"@type":"WebPage","@id":"https:\/\/www.ecsmobility.com\/de\/datenschutzrichtlinie\/","url":"https:\/\/www.ecsmobility.com\/de\/datenschutzrichtlinie\/","name":"Datenschutzrichtlinie von ECS Mobility - ECS Mobility","isPartOf":{"@id":"https:\/\/www.ecsmobility.com\/de\/#website"},"datePublished":"2026-03-26T16:22:06+00:00","dateModified":"2026-03-26T16:30:04+00:00","breadcrumb":{"@id":"https:\/\/www.ecsmobility.com\/de\/datenschutzrichtlinie\/#breadcrumb"},"inLanguage":"de","potentialAction":[{"@type":"ReadAction","target":["https:\/\/www.ecsmobility.com\/de\/datenschutzrichtlinie\/"]}]},{"@type":"BreadcrumbList","@id":"https:\/\/www.ecsmobility.com\/de\/datenschutzrichtlinie\/#breadcrumb","itemListElement":[{"@type":"ListItem","position":1,"name":"Portada","item":"https:\/\/www.ecsmobility.com\/de\/"},{"@type":"ListItem","position":2,"name":"Datenschutzrichtlinie von ECS Mobility"}]},{"@type":"WebSite","@id":"https:\/\/www.ecsmobility.com\/de\/#website","url":"https:\/\/www.ecsmobility.com\/de\/","name":"ECS Mobility","description":"","potentialAction":[{"@type":"SearchAction","target":{"@type":"EntryPoint","urlTemplate":"https:\/\/www.ecsmobility.com\/de\/?s={search_term_string}"},"query-input":{"@type":"PropertyValueSpecification","valueRequired":true,"valueName":"search_term_string"}}],"inLanguage":"de"}]}},"_links":{"self":[{"href":"https:\/\/www.ecsmobility.com\/de\/wp-json\/wp\/v2\/pages\/444","targetHints":{"allow":["GET"]}}],"collection":[{"href":"https:\/\/www.ecsmobility.com\/de\/wp-json\/wp\/v2\/pages"}],"about":[{"href":"https:\/\/www.ecsmobility.com\/de\/wp-json\/wp\/v2\/types\/page"}],"author":[{"embeddable":true,"href":"https:\/\/www.ecsmobility.com\/de\/wp-json\/wp\/v2\/users\/1"}],"replies":[{"embeddable":true,"href":"https:\/\/www.ecsmobility.com\/de\/wp-json\/wp\/v2\/comments?post=444"}],"version-history":[{"count":2,"href":"https:\/\/www.ecsmobility.com\/de\/wp-json\/wp\/v2\/pages\/444\/revisions"}],"predecessor-version":[{"id":446,"href":"https:\/\/www.ecsmobility.com\/de\/wp-json\/wp\/v2\/pages\/444\/revisions\/446"}],"wp:attachment":[{"href":"https:\/\/www.ecsmobility.com\/de\/wp-json\/wp\/v2\/media?parent=444"}],"curies":[{"name":"wp","href":"https:\/\/api.w.org\/{rel}","templated":true}]}}