{"id":451,"date":"2026-03-26T17:31:45","date_gmt":"2026-03-26T16:31:45","guid":{"rendered":"https:\/\/www.ecsmobility.com\/cookies-policy\/"},"modified":"2026-03-26T17:35:49","modified_gmt":"2026-03-26T16:35:49","slug":"cookies-politik","status":"publish","type":"page","link":"https:\/\/www.ecsmobility.com\/de\/cookies-politik\/","title":{"rendered":"Cookies politik"},"content":{"rendered":"<p>Der Zugriff auf diese Website kann die Verwendung von Cookies beinhalten. Cookies sind kleine Informationsmengen, die in dem von jedem Benutzer verwendeten Browser \u2013 in den verschiedenen Ger\u00e4ten, die zum Surfen verwendet werden k\u00f6nnen \u2013 gespeichert werden, so dass der Server sich bestimmte Informationen merkt, die sp\u00e4ter nur von dem Server gelesen werden k\u00f6nnen, der sie implementiert hat. Cookies machen das Surfen einfacher, benutzerfreundlicher und besch\u00e4digen das Ger\u00e4t nicht.<\/p>\n<p>Bei Cookies handelt es sich um automatische Verfahren zur Sammlung von Informationen \u00fcber die Pr\u00e4ferenzen, die der Benutzer w\u00e4hrend seines Besuchs auf der Website festgelegt hat, um ihn als Benutzer zu erkennen und seine Erfahrung und Nutzung der Website zu personalisieren, und sie k\u00f6nnen beispielsweise auch dazu beitragen, Fehler zu erkennen und zu beheben.<\/p>\n<p>Die durch Cookies gesammelten Informationen k\u00f6nnen das Datum und die Uhrzeit der Besuche auf der Website, die aufgerufenen Seiten, die auf der Website verbrachte Zeit und die unmittelbar vor und nach der Website besuchten Websites umfassen. Kein Cookie erlaubt es dem Cookie jedoch, die Telefonnummer des Nutzers oder ein anderes Mittel zur pers\u00f6nlichen Kontaktaufnahme zu ermitteln. Kein Cookie kann Informationen von der Festplatte des Benutzers extrahieren oder pers\u00f6nliche Daten stehlen. Die einzige M\u00f6glichkeit, wie die privaten Daten des Nutzers in die Cookie-Datei aufgenommen werden k\u00f6nnen, besteht darin, dass der Nutzer diese Daten pers\u00f6nlich an den Server weitergibt.<\/p>\n<p>Cookies, die die Identifizierung einer Person erm\u00f6glichen, gelten als personenbezogene Daten. Daher gilt f\u00fcr sie die oben genannte Datenschutzrichtlinie. In diesem Zusammenhang erfordert die Verwendung von Cookies die Zustimmung des Nutzers. Diese Zustimmung wird auf der Grundlage einer echten Wahl mitgeteilt, die durch eine best\u00e4tigende und positive Entscheidung vor der anf\u00e4nglichen Verarbeitung gegeben wird, und ist entfernbar und dokumentiert.<\/p>\n<h2>Deaktivieren, Ablehnen und L\u00f6schen von Cookies<\/h2>\n<p>Der Nutzer kann die auf seinem Ger\u00e4t installierten Cookies ganz oder teilweise deaktivieren, ablehnen und l\u00f6schen, indem er seinen Browser (z.B. Chrome, Firefox, Safari, Explorer) konfiguriert. Die Verfahren zur Ablehnung und L\u00f6schung von Cookies k\u00f6nnen sich von einem Internetbrowser zum anderen unterscheiden. Daher muss der Nutzer die Anweisungen des von ihm verwendeten Internetbrowsers befolgen. Wenn Sie die Verwendung von Cookies \u2013 ganz oder teilweise \u2013 ablehnen, k\u00f6nnen Sie die Website weiterhin nutzen, auch wenn die Nutzung einiger ihrer Funktionen eingeschr\u00e4nkt sein kann.<\/p>\n<p>Dieses Dokument zur Cookie-Richtlinie wurde am 15\/04\/2025 erstellt.<\/p>\n","protected":false},"excerpt":{"rendered":"<p>Der Zugriff auf diese Website kann die Verwendung von Cookies beinhalten. Cookies sind kleine Informationsmengen, die in dem von jedem Benutzer verwendeten Browser \u2013 in den verschiedenen Ger\u00e4ten, die zum Surfen verwendet werden k\u00f6nnen \u2013 gespeichert werden, so dass der Server sich bestimmte Informationen merkt, die sp\u00e4ter nur von dem Server gelesen werden k\u00f6nnen, der [&hellip;]<\/p>\n","protected":false},"author":1,"featured_media":0,"parent":0,"menu_order":0,"comment_status":"closed","ping_status":"closed","template":"","meta":{"_acf_changed":false,"footnotes":""},"class_list":["post-451","page","type-page","status-publish","hentry"],"acf":[],"yoast_head":"<!-- This site is optimized with the Yoast SEO plugin v27.3 - https:\/\/yoast.com\/product\/yoast-seo-wordpress\/ -->\n<title>Cookies politik - ECS Mobility<\/title>\n<meta name=\"robots\" content=\"index, follow, max-snippet:-1, max-image-preview:large, max-video-preview:-1\" \/>\n<link rel=\"canonical\" href=\"https:\/\/www.ecsmobility.com\/de\/cookies-politik\/\" \/>\n<meta property=\"og:locale\" content=\"de_DE\" \/>\n<meta property=\"og:type\" content=\"article\" \/>\n<meta property=\"og:title\" content=\"Cookies politik - ECS Mobility\" \/>\n<meta property=\"og:description\" content=\"Der Zugriff auf diese Website kann die Verwendung von Cookies beinhalten. Cookies sind kleine Informationsmengen, die in dem von jedem Benutzer verwendeten Browser \u2013 in den verschiedenen Ger\u00e4ten, die zum Surfen verwendet werden k\u00f6nnen \u2013 gespeichert werden, so dass der Server sich bestimmte Informationen merkt, die sp\u00e4ter nur von dem Server gelesen werden k\u00f6nnen, der [&hellip;]\" \/>\n<meta property=\"og:url\" content=\"https:\/\/www.ecsmobility.com\/de\/cookies-politik\/\" \/>\n<meta property=\"og:site_name\" content=\"ECS Mobility\" \/>\n<meta property=\"article:modified_time\" content=\"2026-03-26T16:35:49+00:00\" \/>\n<meta name=\"twitter:card\" content=\"summary_large_image\" \/>\n<meta name=\"twitter:label1\" content=\"Gesch\u00e4tzte Lesezeit\" \/>\n\t<meta name=\"twitter:data1\" content=\"2\u00a0Minuten\" \/>\n<script type=\"application\/ld+json\" class=\"yoast-schema-graph\">{\"@context\":\"https:\\\/\\\/schema.org\",\"@graph\":[{\"@type\":\"WebPage\",\"@id\":\"https:\\\/\\\/www.ecsmobility.com\\\/de\\\/cookies-politik\\\/\",\"url\":\"https:\\\/\\\/www.ecsmobility.com\\\/de\\\/cookies-politik\\\/\",\"name\":\"Cookies politik - ECS Mobility\",\"isPartOf\":{\"@id\":\"https:\\\/\\\/www.ecsmobility.com\\\/de\\\/#website\"},\"datePublished\":\"2026-03-26T16:31:45+00:00\",\"dateModified\":\"2026-03-26T16:35:49+00:00\",\"breadcrumb\":{\"@id\":\"https:\\\/\\\/www.ecsmobility.com\\\/de\\\/cookies-politik\\\/#breadcrumb\"},\"inLanguage\":\"de\",\"potentialAction\":[{\"@type\":\"ReadAction\",\"target\":[\"https:\\\/\\\/www.ecsmobility.com\\\/de\\\/cookies-politik\\\/\"]}]},{\"@type\":\"BreadcrumbList\",\"@id\":\"https:\\\/\\\/www.ecsmobility.com\\\/de\\\/cookies-politik\\\/#breadcrumb\",\"itemListElement\":[{\"@type\":\"ListItem\",\"position\":1,\"name\":\"Portada\",\"item\":\"https:\\\/\\\/www.ecsmobility.com\\\/de\\\/\"},{\"@type\":\"ListItem\",\"position\":2,\"name\":\"Cookies politik\"}]},{\"@type\":\"WebSite\",\"@id\":\"https:\\\/\\\/www.ecsmobility.com\\\/de\\\/#website\",\"url\":\"https:\\\/\\\/www.ecsmobility.com\\\/de\\\/\",\"name\":\"ECS Mobility\",\"description\":\"\",\"potentialAction\":[{\"@type\":\"SearchAction\",\"target\":{\"@type\":\"EntryPoint\",\"urlTemplate\":\"https:\\\/\\\/www.ecsmobility.com\\\/de\\\/?s={search_term_string}\"},\"query-input\":{\"@type\":\"PropertyValueSpecification\",\"valueRequired\":true,\"valueName\":\"search_term_string\"}}],\"inLanguage\":\"de\"}]}<\/script>\n<!-- \/ Yoast SEO plugin. -->","yoast_head_json":{"title":"Cookies politik - ECS Mobility","robots":{"index":"index","follow":"follow","max-snippet":"max-snippet:-1","max-image-preview":"max-image-preview:large","max-video-preview":"max-video-preview:-1"},"canonical":"https:\/\/www.ecsmobility.com\/de\/cookies-politik\/","og_locale":"de_DE","og_type":"article","og_title":"Cookies politik - ECS Mobility","og_description":"Der Zugriff auf diese Website kann die Verwendung von Cookies beinhalten. Cookies sind kleine Informationsmengen, die in dem von jedem Benutzer verwendeten Browser \u2013 in den verschiedenen Ger\u00e4ten, die zum Surfen verwendet werden k\u00f6nnen \u2013 gespeichert werden, so dass der Server sich bestimmte Informationen merkt, die sp\u00e4ter nur von dem Server gelesen werden k\u00f6nnen, der [&hellip;]","og_url":"https:\/\/www.ecsmobility.com\/de\/cookies-politik\/","og_site_name":"ECS Mobility","article_modified_time":"2026-03-26T16:35:49+00:00","twitter_card":"summary_large_image","twitter_misc":{"Gesch\u00e4tzte Lesezeit":"2\u00a0Minuten"},"schema":{"@context":"https:\/\/schema.org","@graph":[{"@type":"WebPage","@id":"https:\/\/www.ecsmobility.com\/de\/cookies-politik\/","url":"https:\/\/www.ecsmobility.com\/de\/cookies-politik\/","name":"Cookies politik - ECS Mobility","isPartOf":{"@id":"https:\/\/www.ecsmobility.com\/de\/#website"},"datePublished":"2026-03-26T16:31:45+00:00","dateModified":"2026-03-26T16:35:49+00:00","breadcrumb":{"@id":"https:\/\/www.ecsmobility.com\/de\/cookies-politik\/#breadcrumb"},"inLanguage":"de","potentialAction":[{"@type":"ReadAction","target":["https:\/\/www.ecsmobility.com\/de\/cookies-politik\/"]}]},{"@type":"BreadcrumbList","@id":"https:\/\/www.ecsmobility.com\/de\/cookies-politik\/#breadcrumb","itemListElement":[{"@type":"ListItem","position":1,"name":"Portada","item":"https:\/\/www.ecsmobility.com\/de\/"},{"@type":"ListItem","position":2,"name":"Cookies politik"}]},{"@type":"WebSite","@id":"https:\/\/www.ecsmobility.com\/de\/#website","url":"https:\/\/www.ecsmobility.com\/de\/","name":"ECS Mobility","description":"","potentialAction":[{"@type":"SearchAction","target":{"@type":"EntryPoint","urlTemplate":"https:\/\/www.ecsmobility.com\/de\/?s={search_term_string}"},"query-input":{"@type":"PropertyValueSpecification","valueRequired":true,"valueName":"search_term_string"}}],"inLanguage":"de"}]}},"_links":{"self":[{"href":"https:\/\/www.ecsmobility.com\/de\/wp-json\/wp\/v2\/pages\/451","targetHints":{"allow":["GET"]}}],"collection":[{"href":"https:\/\/www.ecsmobility.com\/de\/wp-json\/wp\/v2\/pages"}],"about":[{"href":"https:\/\/www.ecsmobility.com\/de\/wp-json\/wp\/v2\/types\/page"}],"author":[{"embeddable":true,"href":"https:\/\/www.ecsmobility.com\/de\/wp-json\/wp\/v2\/users\/1"}],"replies":[{"embeddable":true,"href":"https:\/\/www.ecsmobility.com\/de\/wp-json\/wp\/v2\/comments?post=451"}],"version-history":[{"count":2,"href":"https:\/\/www.ecsmobility.com\/de\/wp-json\/wp\/v2\/pages\/451\/revisions"}],"predecessor-version":[{"id":453,"href":"https:\/\/www.ecsmobility.com\/de\/wp-json\/wp\/v2\/pages\/451\/revisions\/453"}],"wp:attachment":[{"href":"https:\/\/www.ecsmobility.com\/de\/wp-json\/wp\/v2\/media?parent=451"}],"curies":[{"name":"wp","href":"https:\/\/api.w.org\/{rel}","templated":true}]}}